{"id":58,"date":"2014-04-15T15:41:38","date_gmt":"2014-04-15T13:41:38","guid":{"rendered":"http:\/\/www.renatejedinger.at\/wordpress1\/?page_id=58"},"modified":"2024-04-07T10:59:07","modified_gmt":"2024-04-07T08:59:07","slug":"impressum","status":"publish","type":"page","link":"http:\/\/www.renatejedinger.at\/wordpress1\/impressum","title":{"rendered":"Impressum"},"content":{"rendered":"\n<style type=\"text\/css\" data-created_by=\"avia_inline_auto\" id=\"style-css-av-2dfyy-b23c2e167051cbae2bc4dc37fce5d223\">\n.avia-section.av-2dfyy-b23c2e167051cbae2bc4dc37fce5d223{\nbackground-color:#792935;\nbackground-image:unset;\n}\n<\/style>\n<div id='av_section_1'  class='avia-section av-2dfyy-b23c2e167051cbae2bc4dc37fce5d223 main_color avia-section-default avia-no-border-styling  avia-builder-el-0  el_before_av_textblock  avia-builder-el-first  avia-bg-style-scroll container_wrap sidebar_right'  ><div class='container av-section-cont-open' ><main  role=\"main\" itemprop=\"mainContentOfPage\"  class='template-page content  av-content-small alpha units'><div class='post-entry post-entry-type-page post-entry-58'><div class='entry-content-wrapper clearfix'>\n<section  class='av_textblock_section av-lup9zhhr-4ad42a5165e1cee7df43fe8d1909bdfe '   itemscope=\"itemscope\" itemtype=\"https:\/\/schema.org\/CreativeWork\" ><div class='avia_textblock'  itemprop=\"text\" ><h2><span style=\"color: #ffffff;\">Impressum<\/span><\/h2>\n<\/div><\/section>\n<\/div><\/div><\/main><!-- close content main element --><\/div><\/div><div id='after_section_1'  class='main_color av_default_container_wrap container_wrap sidebar_right'  ><div class='container av-section-cont-open' ><div class='template-page content  av-content-small alpha units'><div class='post-entry post-entry-type-page post-entry-58'><div class='entry-content-wrapper clearfix'>\n<section  class='av_textblock_section av-luo0e8lw-0d9e75dc1dd0e059af5463a29a016ca7 '   itemscope=\"itemscope\" itemtype=\"https:\/\/schema.org\/CreativeWork\" ><div class='avia_textblock'  itemprop=\"text\" ><div>\n<section id=\"content\">\n<div><strong> Renate Jedinger<\/strong><br \/>\nFischthallerweg 5<br \/>\n4812 Pinsdorf<br \/>\nTel.: 0664\/3975711<br \/>\n<a href=\"mailto: office@renatejedinger.at\">office@renatejedinger.at<\/a><\/div>\n<div>\n<hr \/>\n<p>Haftungsausschluss: Wir pr\u00fcfen und aktualisieren st\u00e4ndig die Informationen auf unserer Website. Trotz aller Sorgfalt k\u00f6nnen sich Daten bzw. Angaben zwischenzeitlich ver\u00e4ndert haben. Eine Haftung oder Garantie f\u00fcr die Aktualit\u00e4t, Richtigkeit und Vollst\u00e4ndigkeit der Informationen kann daher nicht \u00fcbernommen werden. Gleiches gilt auch f\u00fcr alle anderen Websites, auf die mittels Hyperlink verwiesen wird; f\u00fcr deren Inhalt sind wir nicht verantwortlich. Copyright: Das Copyright auf diesen Seiten abgebildeten Bildern, Fotografien und Logos liegt beim Betreiber.<\/p>\n<\/div>\n<\/section>\n<\/div>\n<\/div><\/section>\n<\/div><\/div><\/div><!-- close content main div --><\/div><\/div><div id='full_slider_1'  class='avia-fullwidth-slider main_color avia-shadow   avia-builder-el-3  el_after_av_textblock  avia-builder-el-last   slider-not-first container_wrap sidebar_right'  ><div  class='avia-slideshow av-4jmi-d6bc917e9bd9e2e309385416c773eefc avia-slideshow-no scaling av_slideshow_full avia-slide-slider av-slideshow-ui av-control-default av-slideshow-manual av-loop-once av-loop-manual-endless av-default-height-applied   avia-slideshow-1' data-slideshow-options=\"{&quot;animation&quot;:&quot;slide&quot;,&quot;autoplay&quot;:false,&quot;loop_autoplay&quot;:&quot;once&quot;,&quot;interval&quot;:5,&quot;loop_manual&quot;:&quot;manual-endless&quot;,&quot;autoplay_stopper&quot;:false,&quot;noNavigation&quot;:false,&quot;bg_slider&quot;:false,&quot;keep_padding&quot;:false,&quot;hoverpause&quot;:false,&quot;show_slide_delay&quot;:0}\"  itemprop=\"image\" itemscope=\"itemscope\" itemtype=\"https:\/\/schema.org\/ImageObject\" ><ul class='avia-slideshow-inner ' style='padding-bottom: 40%;'><li  class='avia-slideshow-slide av-4jmi-d6bc917e9bd9e2e309385416c773eefc__0  av-single-slide slide-1 slide-odd'><div data-rel='slideshow-1' class='avia-slide-wrap '   ><img decoding=\"async\" fetchpriority=\"high\" class=\"wp-image-664 avia-img-lazy-loading-not-664\"  src=\"http:\/\/www.renatejedinger.at\/wordpress1\/wp-content\/uploads\/2024\/04\/Renate_Banner-2000x800px-2.jpg\" width=\"2000\" height=\"800\" title='Renate_Banner 200x800px.indd' alt=''  itemprop=\"thumbnailUrl\" srcset=\"http:\/\/www.renatejedinger.at\/wordpress1\/wp-content\/uploads\/2024\/04\/Renate_Banner-2000x800px-2.jpg 2000w, http:\/\/www.renatejedinger.at\/wordpress1\/wp-content\/uploads\/2024\/04\/Renate_Banner-2000x800px-2-300x120.jpg 300w, http:\/\/www.renatejedinger.at\/wordpress1\/wp-content\/uploads\/2024\/04\/Renate_Banner-2000x800px-2-1024x410.jpg 1024w, http:\/\/www.renatejedinger.at\/wordpress1\/wp-content\/uploads\/2024\/04\/Renate_Banner-2000x800px-2-768x307.jpg 768w, http:\/\/www.renatejedinger.at\/wordpress1\/wp-content\/uploads\/2024\/04\/Renate_Banner-2000x800px-2-1536x614.jpg 1536w, http:\/\/www.renatejedinger.at\/wordpress1\/wp-content\/uploads\/2024\/04\/Renate_Banner-2000x800px-2-1500x600.jpg 1500w, http:\/\/www.renatejedinger.at\/wordpress1\/wp-content\/uploads\/2024\/04\/Renate_Banner-2000x800px-2-705x282.jpg 705w\" sizes=\"(max-width: 2000px) 100vw, 2000px\" \/><\/div><\/li><\/ul><\/div><\/div>\n","protected":false},"excerpt":{"rendered":"","protected":false},"author":1,"featured_media":0,"parent":0,"menu_order":0,"comment_status":"closed","ping_status":"closed","template":"","meta":{"footnotes":""},"class_list":["post-58","page","type-page","status-publish","hentry"],"_links":{"self":[{"href":"http:\/\/www.renatejedinger.at\/wordpress1\/wp-json\/wp\/v2\/pages\/58","targetHints":{"allow":["GET"]}}],"collection":[{"href":"http:\/\/www.renatejedinger.at\/wordpress1\/wp-json\/wp\/v2\/pages"}],"about":[{"href":"http:\/\/www.renatejedinger.at\/wordpress1\/wp-json\/wp\/v2\/types\/page"}],"author":[{"embeddable":true,"href":"http:\/\/www.renatejedinger.at\/wordpress1\/wp-json\/wp\/v2\/users\/1"}],"replies":[{"embeddable":true,"href":"http:\/\/www.renatejedinger.at\/wordpress1\/wp-json\/wp\/v2\/comments?post=58"}],"version-history":[{"count":16,"href":"http:\/\/www.renatejedinger.at\/wordpress1\/wp-json\/wp\/v2\/pages\/58\/revisions"}],"predecessor-version":[{"id":693,"href":"http:\/\/www.renatejedinger.at\/wordpress1\/wp-json\/wp\/v2\/pages\/58\/revisions\/693"}],"wp:attachment":[{"href":"http:\/\/www.renatejedinger.at\/wordpress1\/wp-json\/wp\/v2\/media?parent=58"}],"curies":[{"name":"wp","href":"https:\/\/api.w.org\/{rel}","templated":true}]}}