{"id":53,"date":"2014-04-15T15:38:09","date_gmt":"2014-04-15T13:38:09","guid":{"rendered":"http:\/\/www.renatejedinger.at\/wordpress1\/?page_id=53"},"modified":"2015-09-15T13:12:04","modified_gmt":"2015-09-15T11:12:04","slug":"neues","status":"publish","type":"page","link":"http:\/\/www.renatejedinger.at\/wordpress1\/neues","title":{"rendered":"Neues"},"content":{"rendered":"<section id=\"content\">\n<div>\n<h1 style=\"text-align: right;\"><span style=\"color: #792935;\">Neues<\/span><\/h1>\n<hr \/>\n<h2><\/h2>\n<h2 style=\"text-align: left;\">Faszien Fitness<\/h2>\n<h1 style=\"text-align: right;\"><img loading=\"lazy\" decoding=\"async\" class=\"wp-image-228 size-medium alignright\" src=\"http:\/\/www.renatejedinger.at\/wordpress1\/wp-content\/uploads\/2014\/04\/FaszienFitness_500px-300x300.jpg\" alt=\"FaszienFitness_500px\" width=\"300\" height=\"300\" srcset=\"http:\/\/www.renatejedinger.at\/wordpress1\/wp-content\/uploads\/2014\/04\/FaszienFitness_500px-300x300.jpg 300w, http:\/\/www.renatejedinger.at\/wordpress1\/wp-content\/uploads\/2014\/04\/FaszienFitness_500px-160x160.jpg 160w, http:\/\/www.renatejedinger.at\/wordpress1\/wp-content\/uploads\/2014\/04\/FaszienFitness_500px-80x80.jpg 80w, http:\/\/www.renatejedinger.at\/wordpress1\/wp-content\/uploads\/2014\/04\/FaszienFitness_500px.jpg 500w, http:\/\/www.renatejedinger.at\/wordpress1\/wp-content\/uploads\/2014\/04\/FaszienFitness_500px-260x260.jpg 260w, http:\/\/www.renatejedinger.at\/wordpress1\/wp-content\/uploads\/2014\/04\/FaszienFitness_500px-360x360.jpg 360w, http:\/\/www.renatejedinger.at\/wordpress1\/wp-content\/uploads\/2014\/04\/FaszienFitness_500px-180x180.jpg 180w\" sizes=\"auto, (max-width: 300px) 100vw, 300px\" \/><\/h1>\n<p style=\"text-align: left;\"><b>Vital, elastisch,dynamisch in Alltag und Sport<\/b><\/p>\n<p>Wer in Alltag und Sport beweglich, vital und schmerzfrei bleiben will, sollte etwas f\u00fcr sein Bindegewebe tun! Diese Erkenntnis setzt sich in den letzten Jahren in Physiotherapie, Sportwissenschaft und Medizin mehr und mehr durch. Denn das muskul\u00e4re Bindegewebe \u2013 die sogenannten Faszien \u2013 spielt eine gro\u00dfe Rolle f\u00fcr Wohlbefinden, Beweglichkeit, Leistungsf\u00e4higkeit und Gesundheit: Sie \u00fcbertragen die Kraft der Muskeln, kommunizieren mit dem Nervensystem, dienen als Sinnesorgan, sorgen f\u00fcr Schutz und Stoffaustausch der inneren Organe und bilden die Grundlage f\u00fcr eine sch\u00f6ne K\u00f6rperform.<\/p>\n<p><strong>Was man bisher nur Muskeln zutraute,<\/strong> kann auch das Bindegewebe: Es reagiert auf Belastung und Reize und wenn Faszien verfilzen oder verkleben, k\u00f6nnen Schmerzen und Bewegungsprobleme die Folge sein. Die Faszien sollten deshalb gezielt trainiert werden \u2013 10 Minuten zweimal in der Woche gen\u00fcgen! <a href=\"http:\/\/www.renatejedinger.at\/wordpress1\/wp-content\/uploads\/2014\/04\/faszien_training_a.jpg\"><img loading=\"lazy\" decoding=\"async\" class=\"alignnone wp-image-226 size-full\" src=\"http:\/\/www.renatejedinger.at\/wordpress1\/wp-content\/uploads\/2014\/04\/faszien_training_a.jpg\" alt=\"faszien_training_a\" width=\"707\" height=\"300\" srcset=\"http:\/\/www.renatejedinger.at\/wordpress1\/wp-content\/uploads\/2014\/04\/faszien_training_a.jpg 707w, http:\/\/www.renatejedinger.at\/wordpress1\/wp-content\/uploads\/2014\/04\/faszien_training_a-300x127.jpg 300w, http:\/\/www.renatejedinger.at\/wordpress1\/wp-content\/uploads\/2014\/04\/faszien_training_a-260x110.jpg 260w, http:\/\/www.renatejedinger.at\/wordpress1\/wp-content\/uploads\/2014\/04\/faszien_training_a-360x153.jpg 360w, http:\/\/www.renatejedinger.at\/wordpress1\/wp-content\/uploads\/2014\/04\/faszien_training_a-560x238.jpg 560w\" sizes=\"auto, (max-width: 707px) 100vw, 707px\" \/><\/a><\/p>\n<hr \/>\n<h2 style=\"text-align: left;\">Franklin &#8211; Methode<\/h2>\n<p style=\"text-align: left;\"><b><img loading=\"lazy\" decoding=\"async\" class=\"wp-image-227 size-medium alignright\" src=\"http:\/\/www.renatejedinger.at\/wordpress1\/wp-content\/uploads\/2014\/04\/Franklin_Method_500px-300x300.jpg\" alt=\"Franklin_Method_500px\" width=\"300\" height=\"300\" srcset=\"http:\/\/www.renatejedinger.at\/wordpress1\/wp-content\/uploads\/2014\/04\/Franklin_Method_500px-300x300.jpg 300w, http:\/\/www.renatejedinger.at\/wordpress1\/wp-content\/uploads\/2014\/04\/Franklin_Method_500px-160x160.jpg 160w, http:\/\/www.renatejedinger.at\/wordpress1\/wp-content\/uploads\/2014\/04\/Franklin_Method_500px-80x80.jpg 80w, http:\/\/www.renatejedinger.at\/wordpress1\/wp-content\/uploads\/2014\/04\/Franklin_Method_500px.jpg 500w, http:\/\/www.renatejedinger.at\/wordpress1\/wp-content\/uploads\/2014\/04\/Franklin_Method_500px-260x260.jpg 260w, http:\/\/www.renatejedinger.at\/wordpress1\/wp-content\/uploads\/2014\/04\/Franklin_Method_500px-360x360.jpg 360w, http:\/\/www.renatejedinger.at\/wordpress1\/wp-content\/uploads\/2014\/04\/Franklin_Method_500px-180x180.jpg 180w\" sizes=\"auto, (max-width: 300px) 100vw, 300px\" \/><\/b><\/p>\n<p style=\"text-align: left;\"><b>Bewegung beginnt im Kopf<\/b><\/p>\n<p style=\"text-align: left;\">Bewegung beginnt im Kopf \u2013 mit diesem Motto ist die Franklin-Methode\u00ae nicht nur in Sport und Tanz erfolgreich, sie macht auch in Beruf und Alltag das Leben leichter. Mehr als 100 einfache Bewegungs\u00fcbungen und einpr\u00e4gsame Vorstellungsbilder f\u00fchren zu faszinierendem Erleben des eigenen K\u00f6rpers. Mit diesem originellen Konzept gegen Bewegungsmangel k\u00f6nnen Sie.<\/p>\n<\/div>\n<\/section>\n<section id=\"content\">\n<div>\n<ul>\n<li>gelenkiger werden<\/li>\n<li>Verspannungen l\u00f6sen<\/li>\n<li>die Atmung verbessern<\/li>\n<li>R\u00fcckenschmerzen lindern<\/li>\n<li>sportliches Training effektiver machen<\/li>\n<\/ul>\n<h2 style=\"text-align: left;\"><\/h2>\n<p>&nbsp;<\/p>\n<hr \/>\n<p>&nbsp;<\/p>\n<h2 style=\"text-align: left;\">Smovey-Ring<\/h2>\n<h2 style=\"text-align: left;\"><b><img loading=\"lazy\" decoding=\"async\" class=\"wp-image-20 size-medium alignright\" src=\"http:\/\/www.renatejedinger.at\/wordpress1\/wp-content\/uploads\/2014\/04\/smovey-Ring-300x211.jpg\" alt=\"\" width=\"300\" height=\"211\" srcset=\"http:\/\/www.renatejedinger.at\/wordpress1\/wp-content\/uploads\/2014\/04\/smovey-Ring-300x211.jpg 300w, http:\/\/www.renatejedinger.at\/wordpress1\/wp-content\/uploads\/2014\/04\/smovey-Ring-260x183.jpg 260w, http:\/\/www.renatejedinger.at\/wordpress1\/wp-content\/uploads\/2014\/04\/smovey-Ring-360x253.jpg 360w, http:\/\/www.renatejedinger.at\/wordpress1\/wp-content\/uploads\/2014\/04\/smovey-Ring.jpg 379w\" sizes=\"auto, (max-width: 300px) 100vw, 300px\" \/><\/b><\/h2>\n<p style=\"text-align: left;\"><b>smovey Vibroswing ist ein Schwingringsystem und besteht aus einem Spiralschlauch, 4 Stahlkugeln und einem <\/b><b>Griffsystem mit D\u00e4mpfungselementen.<\/b><\/p>\n<p style=\"text-align: left;\">Durch eine Vorw\u00e4rtsbewegung mit einer anschlie\u00dfenden Gegenbewegung beginnen die 4 frei-beweglichen Stahlkugeln sich als freie Masse zu bewegen und sto\u00dfen dabei in pulsierender Art auf die Rillen und Spiralstege des Schlauches mit einer Frequenz von 60 Hertz. Diese Frequenz bewirkt beim Anwender eine sp\u00fcrbare Vibration in der Handfl\u00e4che und entspricht dem Taktmuster des Menschen.<\/p>\n<p>Um diese Vibration bestm\u00f6glich in die Handfl\u00e4che zu \u00fcbertragen, wird ein sehr hartes Kunststoffrohr mit Moosgummigriff als Griffelement verwendet. An beiden Enden des Rohres ist ein D\u00e4mpfungselement mit sehr geringem Memory-Effekt angebracht.<\/p>\n<p>Die Masse betr\u00e4gt ohne Schwungbewegung 500 Gramm und erh\u00f6ht sich durch die Fliehkr\u00e4fte beim Schwingen auf bis zu 5 Kilogramm<\/p>\n<\/div>\n<\/section>\n","protected":false},"excerpt":{"rendered":"<p>Neues Faszien Fitness Vital, elastisch,dynamisch in Alltag und Sport Wer in Alltag und Sport beweglich, vital und schmerzfrei bleiben will, sollte etwas f\u00fcr sein Bindegewebe tun! Diese Erkenntnis setzt sich in den letzten Jahren in Physiotherapie, Sportwissenschaft und Medizin mehr und mehr durch. Denn das muskul\u00e4re Bindegewebe \u2013 die sogenannten Faszien \u2013 spielt eine gro\u00dfe [&hellip;]<\/p>\n","protected":false},"author":1,"featured_media":0,"parent":0,"menu_order":0,"comment_status":"closed","ping_status":"closed","template":"","meta":{"footnotes":""},"class_list":["post-53","page","type-page","status-publish","hentry"],"_links":{"self":[{"href":"http:\/\/www.renatejedinger.at\/wordpress1\/wp-json\/wp\/v2\/pages\/53","targetHints":{"allow":["GET"]}}],"collection":[{"href":"http:\/\/www.renatejedinger.at\/wordpress1\/wp-json\/wp\/v2\/pages"}],"about":[{"href":"http:\/\/www.renatejedinger.at\/wordpress1\/wp-json\/wp\/v2\/types\/page"}],"author":[{"embeddable":true,"href":"http:\/\/www.renatejedinger.at\/wordpress1\/wp-json\/wp\/v2\/users\/1"}],"replies":[{"embeddable":true,"href":"http:\/\/www.renatejedinger.at\/wordpress1\/wp-json\/wp\/v2\/comments?post=53"}],"version-history":[{"count":39,"href":"http:\/\/www.renatejedinger.at\/wordpress1\/wp-json\/wp\/v2\/pages\/53\/revisions"}],"predecessor-version":[{"id":262,"href":"http:\/\/www.renatejedinger.at\/wordpress1\/wp-json\/wp\/v2\/pages\/53\/revisions\/262"}],"wp:attachment":[{"href":"http:\/\/www.renatejedinger.at\/wordpress1\/wp-json\/wp\/v2\/media?parent=53"}],"curies":[{"name":"wp","href":"https:\/\/api.w.org\/{rel}","templated":true}]}}