{"id":473,"date":"2022-08-23T08:22:42","date_gmt":"2022-08-23T06:22:42","guid":{"rendered":"http:\/\/www.renatejedinger.at\/wordpress1\/?page_id=473"},"modified":"2024-04-06T13:28:12","modified_gmt":"2024-04-06T11:28:12","slug":"datenschutz","status":"publish","type":"page","link":"http:\/\/www.renatejedinger.at\/wordpress1\/datenschutz","title":{"rendered":"Datenschutz"},"content":{"rendered":"<p><strong>Datenschutzerkl\u00e4rung:<\/strong><br \/>\nWir erheben, verarbeiten und nutzen Ihre Daten nur im Rahmen der gesetzlichen Bestimmungen.<br \/>\nDiese Datenschutzerkl\u00e4rung gilt ausschlie\u00dflich f\u00fcr die Nutzung der von uns angebotenen Webseiten. Sie gilt nicht f\u00fcr die Webseiten anderer Dienstanbieter, auf die wir lediglich durch einen Link verweisen.<br \/>\nBei der Nutzung unserer Webseiten bleiben Sie anonym, solange Sie uns nicht von sich aus freiwillig personenbezogene Daten zur Verf\u00fcgung stellen. Personenbezogene Daten werden nur dann erhoben, wenn dies f\u00fcr die Nutzung der auf der Webseite angebotenen Leistungen, insbesondere Formularangebote, erforderlich ist.<br \/>\nWir werden die von Ihnen zur Verf\u00fcgung gestellten Daten streng vertraulich behandeln. Ohne Ihre ausdr\u00fcckliche Einwilligung geben wir keine pers\u00f6nlichen Daten weiter, es sei denn, dass wir rechtlich dazu verpflichtet sind. Wir weisen jedoch darauf hin, dass es bei der \u00dcbermittlung von Daten im Internet immer dazu kommen kann, dass Dritte Ihre Daten zur Kenntnis nehmen oder verf\u00e4lschen.<br \/>\nSofern Sie es von uns verlangen, gew\u00e4hren wir Ihnen Einblick in die \u00fcber Sie gespeicherten Daten, beziehungsweise l\u00f6schen diese. Wenn Sie Daten berichtigen, l\u00f6schen oder einsehen wollen, gen\u00fcgt hierf\u00fcr ein Schreiben an die im Impressum angegebene Adresse.<br \/>\nIm Rahmen der Benachrichtigung unserer Kunden \u00fcber Produktneuheiten, etc. senden wir Ihnen Emails nur zu, sofern Sie uns Ihre Emailadresse zur Verf\u00fcgung stellen.<\/p>\n","protected":false},"excerpt":{"rendered":"<p>Datenschutzerkl\u00e4rung: Wir erheben, verarbeiten und nutzen Ihre Daten nur im Rahmen der gesetzlichen Bestimmungen. Diese Datenschutzerkl\u00e4rung gilt ausschlie\u00dflich f\u00fcr die Nutzung der von uns angebotenen Webseiten. Sie gilt nicht f\u00fcr die Webseiten anderer Dienstanbieter, auf die wir lediglich durch einen Link verweisen. Bei der Nutzung unserer Webseiten bleiben Sie anonym, solange Sie uns nicht von [&hellip;]<\/p>\n","protected":false},"author":1,"featured_media":0,"parent":0,"menu_order":0,"comment_status":"closed","ping_status":"closed","template":"","meta":{"footnotes":""},"class_list":["post-473","page","type-page","status-publish","hentry"],"_links":{"self":[{"href":"http:\/\/www.renatejedinger.at\/wordpress1\/wp-json\/wp\/v2\/pages\/473","targetHints":{"allow":["GET"]}}],"collection":[{"href":"http:\/\/www.renatejedinger.at\/wordpress1\/wp-json\/wp\/v2\/pages"}],"about":[{"href":"http:\/\/www.renatejedinger.at\/wordpress1\/wp-json\/wp\/v2\/types\/page"}],"author":[{"embeddable":true,"href":"http:\/\/www.renatejedinger.at\/wordpress1\/wp-json\/wp\/v2\/users\/1"}],"replies":[{"embeddable":true,"href":"http:\/\/www.renatejedinger.at\/wordpress1\/wp-json\/wp\/v2\/comments?post=473"}],"version-history":[{"count":1,"href":"http:\/\/www.renatejedinger.at\/wordpress1\/wp-json\/wp\/v2\/pages\/473\/revisions"}],"predecessor-version":[{"id":474,"href":"http:\/\/www.renatejedinger.at\/wordpress1\/wp-json\/wp\/v2\/pages\/473\/revisions\/474"}],"wp:attachment":[{"href":"http:\/\/www.renatejedinger.at\/wordpress1\/wp-json\/wp\/v2\/media?parent=473"}],"curies":[{"name":"wp","href":"https:\/\/api.w.org\/{rel}","templated":true}]}}